{"id":77,"date":"2025-12-16T11:05:36","date_gmt":"2025-12-16T10:05:36","guid":{"rendered":"https:\/\/www.sos-suicide.be\/?page_id=77"},"modified":"2026-02-05T09:23:07","modified_gmt":"2026-02-05T08:23:07","slug":"notre-service","status":"publish","type":"page","link":"https:\/\/www.sos-suicide.be\/nl\/a-propos\/notre-service\/","title":{"rendered":"(FR) Notre service"},"content":{"rendered":"","protected":false},"excerpt":{"rendered":"","protected":false},"author":1,"featured_media":0,"parent":75,"menu_order":0,"comment_status":"closed","ping_status":"closed","template":"","meta":{"_acf_changed":false,"footnotes":""},"class_list":["post-77","page","type-page","status-publish","hentry"],"acf":[],"yoast_head":"<title><\/title>\n<meta name=\"description\" content=\"SOS Suicide propose un accompagnement professionnel en pr\u00e9vention du suicide, pour les personnes en d\u00e9tresse, leurs proches et les personnes endeuill\u00e9es.\" \/>\n<meta name=\"robots\" content=\"index, follow, max-snippet:-1, max-image-preview:large, max-video-preview:-1\" \/>\n<link rel=\"canonical\" href=\"https:\/\/www.sos-suicide.be\/a-propos\/notre-service\/\" \/>\n<meta property=\"og:locale\" content=\"nl_NL\" \/>\n<meta property=\"og:type\" content=\"article\" \/>\n<meta property=\"og:title\" content=\"[:fr]Notre service[:] &#183; SOS Suicide\" \/>\n<meta property=\"og:description\" content=\"SOS Suicide propose un accompagnement professionnel en pr\u00e9vention du suicide, pour les personnes en d\u00e9tresse, leurs proches et les personnes endeuill\u00e9es.\" \/>\n<meta property=\"og:url\" content=\"https:\/\/www.sos-suicide.be\/a-propos\/notre-service\/\" \/>\n<meta property=\"og:site_name\" content=\"SOS Suicide\" \/>\n<meta property=\"article:modified_time\" content=\"2026-02-05T08:23:07+00:00\" \/>\n<meta property=\"og:image\" content=\"https:\/\/www.sos-suicide.be\/wp-content\/uploads\/2026\/02\/SOSSuicide-260204-Partage.jpg\" \/>\n\t<meta property=\"og:image:width\" content=\"1200\" \/>\n\t<meta property=\"og:image:height\" content=\"630\" \/>\n\t<meta property=\"og:image:type\" content=\"image\/jpeg\" \/>\n<meta name=\"twitter:card\" content=\"summary_large_image\" \/>\n<script type=\"application\/ld+json\" class=\"yoast-schema-graph\">{\"@context\":\"https:\\\/\\\/schema.org\",\"@graph\":[{\"@type\":\"WebPage\",\"@id\":\"https:\\\/\\\/www.sos-suicide.be\\\/a-propos\\\/notre-service\\\/\",\"url\":\"https:\\\/\\\/www.sos-suicide.be\\\/a-propos\\\/notre-service\\\/\",\"name\":\"[:fr]Notre service[:] &#183; SOS Suicide\",\"isPartOf\":{\"@id\":\"https:\\\/\\\/www.sos-suicide.be\\\/#website\"},\"datePublished\":\"2025-12-16T10:05:36+00:00\",\"dateModified\":\"2026-02-05T08:23:07+00:00\",\"description\":\"SOS Suicide propose un accompagnement professionnel en pr\u00e9vention du suicide, pour les personnes en d\u00e9tresse, leurs proches et les personnes endeuill\u00e9es.\",\"breadcrumb\":{\"@id\":\"https:\\\/\\\/www.sos-suicide.be\\\/a-propos\\\/notre-service\\\/#breadcrumb\"},\"inLanguage\":\"nl-NL\",\"potentialAction\":[{\"@type\":\"ReadAction\",\"target\":[\"https:\\\/\\\/www.sos-suicide.be\\\/a-propos\\\/notre-service\\\/\"]}]},{\"@type\":\"BreadcrumbList\",\"@id\":\"https:\\\/\\\/www.sos-suicide.be\\\/a-propos\\\/notre-service\\\/#breadcrumb\",\"itemListElement\":[{\"@type\":\"ListItem\",\"position\":1,\"name\":\"Accueil\",\"item\":\"https:\\\/\\\/www.sos-suicide.be\\\/\"},{\"@type\":\"ListItem\",\"position\":2,\"name\":\"\u00c0 propos\",\"item\":\"https:\\\/\\\/www.sos-suicide.be\\\/a-propos\\\/\"},{\"@type\":\"ListItem\",\"position\":3,\"name\":\"Notre service\"}]},{\"@type\":\"WebSite\",\"@id\":\"https:\\\/\\\/www.sos-suicide.be\\\/#website\",\"url\":\"https:\\\/\\\/www.sos-suicide.be\\\/\",\"name\":\"SOS Suicide\",\"description\":\"by Un pass dans l&#039;impasse\",\"publisher\":{\"@id\":\"https:\\\/\\\/www.sos-suicide.be\\\/#organization\"},\"potentialAction\":[{\"@type\":\"SearchAction\",\"target\":{\"@type\":\"EntryPoint\",\"urlTemplate\":\"https:\\\/\\\/www.sos-suicide.be\\\/?s={search_term_string}\"},\"query-input\":{\"@type\":\"PropertyValueSpecification\",\"valueRequired\":true,\"valueName\":\"search_term_string\"}}],\"inLanguage\":\"nl-NL\"},{\"@type\":\"Organization\",\"@id\":\"https:\\\/\\\/www.sos-suicide.be\\\/#organization\",\"name\":\"SOS Suicide\",\"url\":\"https:\\\/\\\/www.sos-suicide.be\\\/\",\"logo\":{\"@type\":\"ImageObject\",\"inLanguage\":\"nl-NL\",\"@id\":\"https:\\\/\\\/www.sos-suicide.be\\\/#\\\/schema\\\/logo\\\/image\\\/\",\"url\":\"https:\\\/\\\/www.sos-suicide.be\\\/wp-content\\\/uploads\\\/2026\\\/02\\\/cropped-favicon.png\",\"contentUrl\":\"https:\\\/\\\/www.sos-suicide.be\\\/wp-content\\\/uploads\\\/2026\\\/02\\\/cropped-favicon.png\",\"width\":512,\"height\":512,\"caption\":\"SOS Suicide\"},\"image\":{\"@id\":\"https:\\\/\\\/www.sos-suicide.be\\\/#\\\/schema\\\/logo\\\/image\\\/\"}}]}<\/script>","yoast_head_json":{"title":"[:fr]Notre service[:] &#183; SOS Suicide","description":"SOS Suicide propose un accompagnement professionnel en pr\u00e9vention du suicide, pour les personnes en d\u00e9tresse, leurs proches et les personnes endeuill\u00e9es.","robots":{"index":"index","follow":"follow","max-snippet":"max-snippet:-1","max-image-preview":"max-image-preview:large","max-video-preview":"max-video-preview:-1"},"canonical":"https:\/\/www.sos-suicide.be\/a-propos\/notre-service\/","og_locale":"nl_NL","og_type":"article","og_title":"[:fr]Notre service[:] &#183; SOS Suicide","og_description":"SOS Suicide propose un accompagnement professionnel en pr\u00e9vention du suicide, pour les personnes en d\u00e9tresse, leurs proches et les personnes endeuill\u00e9es.","og_url":"https:\/\/www.sos-suicide.be\/a-propos\/notre-service\/","og_site_name":"SOS Suicide","article_modified_time":"2026-02-05T08:23:07+00:00","og_image":[{"width":1200,"height":630,"url":"https:\/\/www.sos-suicide.be\/wp-content\/uploads\/2026\/02\/SOSSuicide-260204-Partage.jpg","type":"image\/jpeg"}],"twitter_card":"summary_large_image","schema":{"@context":"https:\/\/schema.org","@graph":[{"@type":"WebPage","@id":"https:\/\/www.sos-suicide.be\/a-propos\/notre-service\/","url":"https:\/\/www.sos-suicide.be\/a-propos\/notre-service\/","name":"[:fr]Notre service[:] &#183; SOS Suicide","isPartOf":{"@id":"https:\/\/www.sos-suicide.be\/#website"},"datePublished":"2025-12-16T10:05:36+00:00","dateModified":"2026-02-05T08:23:07+00:00","description":"SOS Suicide propose un accompagnement professionnel en pr\u00e9vention du suicide, pour les personnes en d\u00e9tresse, leurs proches et les personnes endeuill\u00e9es.","breadcrumb":{"@id":"https:\/\/www.sos-suicide.be\/a-propos\/notre-service\/#breadcrumb"},"inLanguage":"nl-NL","potentialAction":[{"@type":"ReadAction","target":["https:\/\/www.sos-suicide.be\/a-propos\/notre-service\/"]}]},{"@type":"BreadcrumbList","@id":"https:\/\/www.sos-suicide.be\/a-propos\/notre-service\/#breadcrumb","itemListElement":[{"@type":"ListItem","position":1,"name":"Accueil","item":"https:\/\/www.sos-suicide.be\/"},{"@type":"ListItem","position":2,"name":"\u00c0 propos","item":"https:\/\/www.sos-suicide.be\/a-propos\/"},{"@type":"ListItem","position":3,"name":"Notre service"}]},{"@type":"WebSite","@id":"https:\/\/www.sos-suicide.be\/#website","url":"https:\/\/www.sos-suicide.be\/","name":"SOS Suicide","description":"by Un pass dans l&#039;impasse","publisher":{"@id":"https:\/\/www.sos-suicide.be\/#organization"},"potentialAction":[{"@type":"SearchAction","target":{"@type":"EntryPoint","urlTemplate":"https:\/\/www.sos-suicide.be\/?s={search_term_string}"},"query-input":{"@type":"PropertyValueSpecification","valueRequired":true,"valueName":"search_term_string"}}],"inLanguage":"nl-NL"},{"@type":"Organization","@id":"https:\/\/www.sos-suicide.be\/#organization","name":"SOS Suicide","url":"https:\/\/www.sos-suicide.be\/","logo":{"@type":"ImageObject","inLanguage":"nl-NL","@id":"https:\/\/www.sos-suicide.be\/#\/schema\/logo\/image\/","url":"https:\/\/www.sos-suicide.be\/wp-content\/uploads\/2026\/02\/cropped-favicon.png","contentUrl":"https:\/\/www.sos-suicide.be\/wp-content\/uploads\/2026\/02\/cropped-favicon.png","width":512,"height":512,"caption":"SOS Suicide"},"image":{"@id":"https:\/\/www.sos-suicide.be\/#\/schema\/logo\/image\/"}}]}},"_links":{"self":[{"href":"https:\/\/www.sos-suicide.be\/nl\/wp-json\/wp\/v2\/pages\/77","targetHints":{"allow":["GET"]}}],"collection":[{"href":"https:\/\/www.sos-suicide.be\/nl\/wp-json\/wp\/v2\/pages"}],"about":[{"href":"https:\/\/www.sos-suicide.be\/nl\/wp-json\/wp\/v2\/types\/page"}],"author":[{"embeddable":true,"href":"https:\/\/www.sos-suicide.be\/nl\/wp-json\/wp\/v2\/users\/1"}],"replies":[{"embeddable":true,"href":"https:\/\/www.sos-suicide.be\/nl\/wp-json\/wp\/v2\/comments?post=77"}],"version-history":[{"count":8,"href":"https:\/\/www.sos-suicide.be\/nl\/wp-json\/wp\/v2\/pages\/77\/revisions"}],"predecessor-version":[{"id":386,"href":"https:\/\/www.sos-suicide.be\/nl\/wp-json\/wp\/v2\/pages\/77\/revisions\/386"}],"up":[{"embeddable":true,"href":"https:\/\/www.sos-suicide.be\/nl\/wp-json\/wp\/v2\/pages\/75"}],"wp:attachment":[{"href":"https:\/\/www.sos-suicide.be\/nl\/wp-json\/wp\/v2\/media?parent=77"}],"curies":[{"name":"wp","href":"https:\/\/api.w.org\/{rel}","templated":true}]}}